{"id":1024,"date":"2022-09-12T18:30:38","date_gmt":"2022-09-12T18:30:38","guid":{"rendered":"https:\/\/rojausobuoliai.lt\/product\/belgiskas-vaflis-krepselis\/"},"modified":"2022-11-21T18:28:48","modified_gmt":"2022-11-21T18:28:48","slug":"belgian-waffle-basket","status":"publish","type":"product","link":"https:\/\/rojausobuoliai.lt\/en\/product\/belgian-waffle-basket\/","title":{"rendered":"Belgian waffle &#8220;basket&#8221;, 4pcs"},"content":{"rendered":"","protected":false},"excerpt":{"rendered":"<p>1 pcs \/ 50 g<\/p>\n","protected":false},"featured_media":779,"comment_status":"open","ping_status":"closed","template":"","meta":{"inline_featured_image":false},"product_cat":[52],"product_tag":[],"class_list":{"0":"post-1024","1":"product","2":"type-product","3":"status-publish","4":"has-post-thumbnail","6":"product_cat-deserts","8":"first","9":"instock","10":"taxable","11":"shipping-taxable","12":"purchasable","13":"product-type-simple"},"acf":[],"yoast_head":"<!-- This site is optimized with the Yoast SEO plugin v22.7 - https:\/\/yoast.com\/wordpress\/plugins\/seo\/ -->\n<title>Belgian waffle &quot;basket&quot;, 4pcs - Rojaus obuoliai<\/title>\n<meta name=\"robots\" content=\"index, follow, max-snippet:-1, max-image-preview:large, max-video-preview:-1\" \/>\n<link rel=\"canonical\" href=\"https:\/\/rojausobuoliai.lt\/en\/product\/belgian-waffle-basket\/\" \/>\n<meta property=\"og:locale\" content=\"en_US\" \/>\n<meta property=\"og:type\" content=\"article\" \/>\n<meta property=\"og:title\" content=\"Belgian waffle &quot;basket&quot;, 4pcs - Rojaus obuoliai\" \/>\n<meta property=\"og:description\" content=\"1 pcs \/ 50 g\" \/>\n<meta property=\"og:url\" content=\"https:\/\/rojausobuoliai.lt\/en\/product\/belgian-waffle-basket\/\" \/>\n<meta property=\"og:site_name\" content=\"Rojaus obuoliai\" \/>\n<meta property=\"article:modified_time\" content=\"2022-11-21T18:28:48+00:00\" \/>\n<meta property=\"og:image\" content=\"https:\/\/rojausobuoliai.lt\/wp-content\/uploads\/2022\/09\/blyneliu-formeles.png\" \/>\n\t<meta property=\"og:image:width\" content=\"750\" \/>\n\t<meta property=\"og:image:height\" content=\"501\" \/>\n\t<meta property=\"og:image:type\" content=\"image\/png\" \/>\n<meta name=\"twitter:card\" content=\"summary_large_image\" \/>\n<script type=\"application\/ld+json\" class=\"yoast-schema-graph\">{\"@context\":\"https:\/\/schema.org\",\"@graph\":[{\"@type\":\"WebPage\",\"@id\":\"https:\/\/rojausobuoliai.lt\/en\/product\/belgian-waffle-basket\/\",\"url\":\"https:\/\/rojausobuoliai.lt\/en\/product\/belgian-waffle-basket\/\",\"name\":\"Belgian waffle \\\"basket\\\", 4pcs - Rojaus obuoliai\",\"isPartOf\":{\"@id\":\"https:\/\/rojausobuoliai.lt\/#website\"},\"primaryImageOfPage\":{\"@id\":\"https:\/\/rojausobuoliai.lt\/en\/product\/belgian-waffle-basket\/#primaryimage\"},\"image\":{\"@id\":\"https:\/\/rojausobuoliai.lt\/en\/product\/belgian-waffle-basket\/#primaryimage\"},\"thumbnailUrl\":\"https:\/\/rojausobuoliai.lt\/wp-content\/uploads\/2022\/09\/blyneliu-formeles.png\",\"datePublished\":\"2022-09-12T18:30:38+00:00\",\"dateModified\":\"2022-11-21T18:28:48+00:00\",\"breadcrumb\":{\"@id\":\"https:\/\/rojausobuoliai.lt\/en\/product\/belgian-waffle-basket\/#breadcrumb\"},\"inLanguage\":\"en-US\",\"potentialAction\":[{\"@type\":\"ReadAction\",\"target\":[\"https:\/\/rojausobuoliai.lt\/en\/product\/belgian-waffle-basket\/\"]}]},{\"@type\":\"ImageObject\",\"inLanguage\":\"en-US\",\"@id\":\"https:\/\/rojausobuoliai.lt\/en\/product\/belgian-waffle-basket\/#primaryimage\",\"url\":\"https:\/\/rojausobuoliai.lt\/wp-content\/uploads\/2022\/09\/blyneliu-formeles.png\",\"contentUrl\":\"https:\/\/rojausobuoliai.lt\/wp-content\/uploads\/2022\/09\/blyneliu-formeles.png\",\"width\":750,\"height\":501},{\"@type\":\"BreadcrumbList\",\"@id\":\"https:\/\/rojausobuoliai.lt\/en\/product\/belgian-waffle-basket\/#breadcrumb\",\"itemListElement\":[{\"@type\":\"ListItem\",\"position\":1,\"name\":\"Home\",\"item\":\"https:\/\/rojausobuoliai.lt\/en\/\"},{\"@type\":\"ListItem\",\"position\":2,\"name\":\"Belgian waffle &#8222;basket&#8221;, 4pcs\"}]},{\"@type\":\"WebSite\",\"@id\":\"https:\/\/rojausobuoliai.lt\/#website\",\"url\":\"https:\/\/rojausobuoliai.lt\/\",\"name\":\"Rojaus obuoliai\",\"description\":\"Rojaus obuoli\u0173 internetin\u0117 parduotuv\u0117\",\"potentialAction\":[{\"@type\":\"SearchAction\",\"target\":{\"@type\":\"EntryPoint\",\"urlTemplate\":\"https:\/\/rojausobuoliai.lt\/?s={search_term_string}\"},\"query-input\":\"required name=search_term_string\"}],\"inLanguage\":\"en-US\"}]}<\/script>\n<!-- \/ Yoast SEO plugin. -->","yoast_head_json":{"title":"Belgian waffle \"basket\", 4pcs - Rojaus obuoliai","robots":{"index":"index","follow":"follow","max-snippet":"max-snippet:-1","max-image-preview":"max-image-preview:large","max-video-preview":"max-video-preview:-1"},"canonical":"https:\/\/rojausobuoliai.lt\/en\/product\/belgian-waffle-basket\/","og_locale":"en_US","og_type":"article","og_title":"Belgian waffle \"basket\", 4pcs - Rojaus obuoliai","og_description":"1 pcs \/ 50 g","og_url":"https:\/\/rojausobuoliai.lt\/en\/product\/belgian-waffle-basket\/","og_site_name":"Rojaus obuoliai","article_modified_time":"2022-11-21T18:28:48+00:00","og_image":[{"width":750,"height":501,"url":"https:\/\/rojausobuoliai.lt\/wp-content\/uploads\/2022\/09\/blyneliu-formeles.png","type":"image\/png"}],"twitter_card":"summary_large_image","schema":{"@context":"https:\/\/schema.org","@graph":[{"@type":"WebPage","@id":"https:\/\/rojausobuoliai.lt\/en\/product\/belgian-waffle-basket\/","url":"https:\/\/rojausobuoliai.lt\/en\/product\/belgian-waffle-basket\/","name":"Belgian waffle \"basket\", 4pcs - Rojaus obuoliai","isPartOf":{"@id":"https:\/\/rojausobuoliai.lt\/#website"},"primaryImageOfPage":{"@id":"https:\/\/rojausobuoliai.lt\/en\/product\/belgian-waffle-basket\/#primaryimage"},"image":{"@id":"https:\/\/rojausobuoliai.lt\/en\/product\/belgian-waffle-basket\/#primaryimage"},"thumbnailUrl":"https:\/\/rojausobuoliai.lt\/wp-content\/uploads\/2022\/09\/blyneliu-formeles.png","datePublished":"2022-09-12T18:30:38+00:00","dateModified":"2022-11-21T18:28:48+00:00","breadcrumb":{"@id":"https:\/\/rojausobuoliai.lt\/en\/product\/belgian-waffle-basket\/#breadcrumb"},"inLanguage":"en-US","potentialAction":[{"@type":"ReadAction","target":["https:\/\/rojausobuoliai.lt\/en\/product\/belgian-waffle-basket\/"]}]},{"@type":"ImageObject","inLanguage":"en-US","@id":"https:\/\/rojausobuoliai.lt\/en\/product\/belgian-waffle-basket\/#primaryimage","url":"https:\/\/rojausobuoliai.lt\/wp-content\/uploads\/2022\/09\/blyneliu-formeles.png","contentUrl":"https:\/\/rojausobuoliai.lt\/wp-content\/uploads\/2022\/09\/blyneliu-formeles.png","width":750,"height":501},{"@type":"BreadcrumbList","@id":"https:\/\/rojausobuoliai.lt\/en\/product\/belgian-waffle-basket\/#breadcrumb","itemListElement":[{"@type":"ListItem","position":1,"name":"Home","item":"https:\/\/rojausobuoliai.lt\/en\/"},{"@type":"ListItem","position":2,"name":"Belgian waffle &#8222;basket&#8221;, 4pcs"}]},{"@type":"WebSite","@id":"https:\/\/rojausobuoliai.lt\/#website","url":"https:\/\/rojausobuoliai.lt\/","name":"Rojaus obuoliai","description":"Rojaus obuoli\u0173 internetin\u0117 parduotuv\u0117","potentialAction":[{"@type":"SearchAction","target":{"@type":"EntryPoint","urlTemplate":"https:\/\/rojausobuoliai.lt\/?s={search_term_string}"},"query-input":"required name=search_term_string"}],"inLanguage":"en-US"}]}},"_links":{"self":[{"href":"https:\/\/rojausobuoliai.lt\/en\/wp-json\/wp\/v2\/product\/1024","targetHints":{"allow":["GET"]}}],"collection":[{"href":"https:\/\/rojausobuoliai.lt\/en\/wp-json\/wp\/v2\/product"}],"about":[{"href":"https:\/\/rojausobuoliai.lt\/en\/wp-json\/wp\/v2\/types\/product"}],"replies":[{"embeddable":true,"href":"https:\/\/rojausobuoliai.lt\/en\/wp-json\/wp\/v2\/comments?post=1024"}],"wp:featuredmedia":[{"embeddable":true,"href":"https:\/\/rojausobuoliai.lt\/en\/wp-json\/wp\/v2\/media\/779"}],"wp:attachment":[{"href":"https:\/\/rojausobuoliai.lt\/en\/wp-json\/wp\/v2\/media?parent=1024"}],"wp:term":[{"taxonomy":"product_cat","embeddable":true,"href":"https:\/\/rojausobuoliai.lt\/en\/wp-json\/wp\/v2\/product_cat?post=1024"},{"taxonomy":"product_tag","embeddable":true,"href":"https:\/\/rojausobuoliai.lt\/en\/wp-json\/wp\/v2\/product_tag?post=1024"}],"curies":[{"name":"wp","href":"https:\/\/api.w.org\/{rel}","templated":true}]}}