{"id":1062,"date":"2022-09-11T11:06:40","date_gmt":"2022-09-11T11:06:40","guid":{"rendered":"https:\/\/rojausobuoliai.lt\/product\/cepelinai-su-mesa\/"},"modified":"2024-01-01T00:06:07","modified_gmt":"2024-01-01T00:06:07","slug":"dumplings-with-meat","status":"publish","type":"product","link":"https:\/\/rojausobuoliai.lt\/en\/product\/dumplings-with-meat\/","title":{"rendered":"Boiled potatoes dumplings with meat, 560g. frozen"},"content":{"rendered":"","protected":false},"excerpt":{"rendered":"<p>4 pcs. \/ 560 g.<\/p>\n","protected":false},"featured_media":745,"comment_status":"open","ping_status":"closed","template":"","meta":{"inline_featured_image":false},"product_cat":[57],"product_tag":[],"class_list":{"0":"post-1062","1":"product","2":"type-product","3":"status-publish","4":"has-post-thumbnail","6":"product_cat-mesos-zuvies-gaminiai","8":"first","9":"instock","10":"taxable","11":"shipping-taxable","12":"purchasable","13":"product-type-simple"},"acf":[],"yoast_head":"<!-- This site is optimized with the Yoast SEO plugin v22.7 - https:\/\/yoast.com\/wordpress\/plugins\/seo\/ -->\n<title>Boiled potatoes dumplings with meat, 560g. frozen - Rojaus obuoliai<\/title>\n<meta name=\"robots\" content=\"index, follow, max-snippet:-1, max-image-preview:large, max-video-preview:-1\" \/>\n<link rel=\"canonical\" href=\"https:\/\/rojausobuoliai.lt\/en\/product\/dumplings-with-meat\/\" \/>\n<meta property=\"og:locale\" content=\"en_US\" \/>\n<meta property=\"og:type\" content=\"article\" \/>\n<meta property=\"og:title\" content=\"Boiled potatoes dumplings with meat, 560g. frozen - Rojaus obuoliai\" \/>\n<meta property=\"og:description\" content=\"4 pcs. \/ 560 g.\" \/>\n<meta property=\"og:url\" content=\"https:\/\/rojausobuoliai.lt\/en\/product\/dumplings-with-meat\/\" \/>\n<meta property=\"og:site_name\" content=\"Rojaus obuoliai\" \/>\n<meta property=\"article:modified_time\" content=\"2024-01-01T00:06:07+00:00\" \/>\n<meta property=\"og:image\" content=\"https:\/\/rojausobuoliai.lt\/wp-content\/uploads\/2022\/09\/cepelinai-su-mesa.png\" \/>\n\t<meta property=\"og:image:width\" content=\"750\" \/>\n\t<meta property=\"og:image:height\" content=\"938\" \/>\n\t<meta property=\"og:image:type\" content=\"image\/png\" \/>\n<meta name=\"twitter:card\" content=\"summary_large_image\" \/>\n<script type=\"application\/ld+json\" class=\"yoast-schema-graph\">{\"@context\":\"https:\/\/schema.org\",\"@graph\":[{\"@type\":\"WebPage\",\"@id\":\"https:\/\/rojausobuoliai.lt\/en\/product\/dumplings-with-meat\/\",\"url\":\"https:\/\/rojausobuoliai.lt\/en\/product\/dumplings-with-meat\/\",\"name\":\"Boiled potatoes dumplings with meat, 560g. frozen - Rojaus obuoliai\",\"isPartOf\":{\"@id\":\"https:\/\/rojausobuoliai.lt\/#website\"},\"primaryImageOfPage\":{\"@id\":\"https:\/\/rojausobuoliai.lt\/en\/product\/dumplings-with-meat\/#primaryimage\"},\"image\":{\"@id\":\"https:\/\/rojausobuoliai.lt\/en\/product\/dumplings-with-meat\/#primaryimage\"},\"thumbnailUrl\":\"https:\/\/rojausobuoliai.lt\/wp-content\/uploads\/2022\/09\/cepelinai-su-mesa.png\",\"datePublished\":\"2022-09-11T11:06:40+00:00\",\"dateModified\":\"2024-01-01T00:06:07+00:00\",\"breadcrumb\":{\"@id\":\"https:\/\/rojausobuoliai.lt\/en\/product\/dumplings-with-meat\/#breadcrumb\"},\"inLanguage\":\"en-US\",\"potentialAction\":[{\"@type\":\"ReadAction\",\"target\":[\"https:\/\/rojausobuoliai.lt\/en\/product\/dumplings-with-meat\/\"]}]},{\"@type\":\"ImageObject\",\"inLanguage\":\"en-US\",\"@id\":\"https:\/\/rojausobuoliai.lt\/en\/product\/dumplings-with-meat\/#primaryimage\",\"url\":\"https:\/\/rojausobuoliai.lt\/wp-content\/uploads\/2022\/09\/cepelinai-su-mesa.png\",\"contentUrl\":\"https:\/\/rojausobuoliai.lt\/wp-content\/uploads\/2022\/09\/cepelinai-su-mesa.png\",\"width\":750,\"height\":938,\"caption\":\"Virt\u0173 bulvi\u0173 cepelinai su m\u0117sa\"},{\"@type\":\"BreadcrumbList\",\"@id\":\"https:\/\/rojausobuoliai.lt\/en\/product\/dumplings-with-meat\/#breadcrumb\",\"itemListElement\":[{\"@type\":\"ListItem\",\"position\":1,\"name\":\"Home\",\"item\":\"https:\/\/rojausobuoliai.lt\/en\/\"},{\"@type\":\"ListItem\",\"position\":2,\"name\":\"Boiled potatoes dumplings with meat, 560g. frozen\"}]},{\"@type\":\"WebSite\",\"@id\":\"https:\/\/rojausobuoliai.lt\/#website\",\"url\":\"https:\/\/rojausobuoliai.lt\/\",\"name\":\"Rojaus obuoliai\",\"description\":\"Rojaus obuoli\u0173 internetin\u0117 parduotuv\u0117\",\"potentialAction\":[{\"@type\":\"SearchAction\",\"target\":{\"@type\":\"EntryPoint\",\"urlTemplate\":\"https:\/\/rojausobuoliai.lt\/?s={search_term_string}\"},\"query-input\":\"required name=search_term_string\"}],\"inLanguage\":\"en-US\"}]}<\/script>\n<!-- \/ Yoast SEO plugin. -->","yoast_head_json":{"title":"Boiled potatoes dumplings with meat, 560g. frozen - Rojaus obuoliai","robots":{"index":"index","follow":"follow","max-snippet":"max-snippet:-1","max-image-preview":"max-image-preview:large","max-video-preview":"max-video-preview:-1"},"canonical":"https:\/\/rojausobuoliai.lt\/en\/product\/dumplings-with-meat\/","og_locale":"en_US","og_type":"article","og_title":"Boiled potatoes dumplings with meat, 560g. frozen - Rojaus obuoliai","og_description":"4 pcs. \/ 560 g.","og_url":"https:\/\/rojausobuoliai.lt\/en\/product\/dumplings-with-meat\/","og_site_name":"Rojaus obuoliai","article_modified_time":"2024-01-01T00:06:07+00:00","og_image":[{"width":750,"height":938,"url":"https:\/\/rojausobuoliai.lt\/wp-content\/uploads\/2022\/09\/cepelinai-su-mesa.png","type":"image\/png"}],"twitter_card":"summary_large_image","schema":{"@context":"https:\/\/schema.org","@graph":[{"@type":"WebPage","@id":"https:\/\/rojausobuoliai.lt\/en\/product\/dumplings-with-meat\/","url":"https:\/\/rojausobuoliai.lt\/en\/product\/dumplings-with-meat\/","name":"Boiled potatoes dumplings with meat, 560g. frozen - Rojaus obuoliai","isPartOf":{"@id":"https:\/\/rojausobuoliai.lt\/#website"},"primaryImageOfPage":{"@id":"https:\/\/rojausobuoliai.lt\/en\/product\/dumplings-with-meat\/#primaryimage"},"image":{"@id":"https:\/\/rojausobuoliai.lt\/en\/product\/dumplings-with-meat\/#primaryimage"},"thumbnailUrl":"https:\/\/rojausobuoliai.lt\/wp-content\/uploads\/2022\/09\/cepelinai-su-mesa.png","datePublished":"2022-09-11T11:06:40+00:00","dateModified":"2024-01-01T00:06:07+00:00","breadcrumb":{"@id":"https:\/\/rojausobuoliai.lt\/en\/product\/dumplings-with-meat\/#breadcrumb"},"inLanguage":"en-US","potentialAction":[{"@type":"ReadAction","target":["https:\/\/rojausobuoliai.lt\/en\/product\/dumplings-with-meat\/"]}]},{"@type":"ImageObject","inLanguage":"en-US","@id":"https:\/\/rojausobuoliai.lt\/en\/product\/dumplings-with-meat\/#primaryimage","url":"https:\/\/rojausobuoliai.lt\/wp-content\/uploads\/2022\/09\/cepelinai-su-mesa.png","contentUrl":"https:\/\/rojausobuoliai.lt\/wp-content\/uploads\/2022\/09\/cepelinai-su-mesa.png","width":750,"height":938,"caption":"Virt\u0173 bulvi\u0173 cepelinai su m\u0117sa"},{"@type":"BreadcrumbList","@id":"https:\/\/rojausobuoliai.lt\/en\/product\/dumplings-with-meat\/#breadcrumb","itemListElement":[{"@type":"ListItem","position":1,"name":"Home","item":"https:\/\/rojausobuoliai.lt\/en\/"},{"@type":"ListItem","position":2,"name":"Boiled potatoes dumplings with meat, 560g. frozen"}]},{"@type":"WebSite","@id":"https:\/\/rojausobuoliai.lt\/#website","url":"https:\/\/rojausobuoliai.lt\/","name":"Rojaus obuoliai","description":"Rojaus obuoli\u0173 internetin\u0117 parduotuv\u0117","potentialAction":[{"@type":"SearchAction","target":{"@type":"EntryPoint","urlTemplate":"https:\/\/rojausobuoliai.lt\/?s={search_term_string}"},"query-input":"required name=search_term_string"}],"inLanguage":"en-US"}]}},"_links":{"self":[{"href":"https:\/\/rojausobuoliai.lt\/en\/wp-json\/wp\/v2\/product\/1062","targetHints":{"allow":["GET"]}}],"collection":[{"href":"https:\/\/rojausobuoliai.lt\/en\/wp-json\/wp\/v2\/product"}],"about":[{"href":"https:\/\/rojausobuoliai.lt\/en\/wp-json\/wp\/v2\/types\/product"}],"replies":[{"embeddable":true,"href":"https:\/\/rojausobuoliai.lt\/en\/wp-json\/wp\/v2\/comments?post=1062"}],"wp:featuredmedia":[{"embeddable":true,"href":"https:\/\/rojausobuoliai.lt\/en\/wp-json\/wp\/v2\/media\/745"}],"wp:attachment":[{"href":"https:\/\/rojausobuoliai.lt\/en\/wp-json\/wp\/v2\/media?parent=1062"}],"wp:term":[{"taxonomy":"product_cat","embeddable":true,"href":"https:\/\/rojausobuoliai.lt\/en\/wp-json\/wp\/v2\/product_cat?post=1062"},{"taxonomy":"product_tag","embeddable":true,"href":"https:\/\/rojausobuoliai.lt\/en\/wp-json\/wp\/v2\/product_tag?post=1062"}],"curies":[{"name":"wp","href":"https:\/\/api.w.org\/{rel}","templated":true}]}}